{"id":41,"date":"2025-07-29T12:36:23","date_gmt":"2025-07-29T12:36:23","guid":{"rendered":"https:\/\/asesoriafiscalmarbella.es\/?page_id=41"},"modified":"2025-07-29T12:36:23","modified_gmt":"2025-07-29T12:36:23","slug":"politica-de-cookies","status":"publish","type":"page","link":"https:\/\/asesoriafiscalmarbella.es\/index.php\/politica-de-cookies\/","title":{"rendered":"Pol\u00edtica de Cookies"},"content":{"rendered":"\n<p>asesoriafiscalmarbella.es\u00a0informa acerca del uso de las cookies en su p\u00e1gina web\u00a0<a href=\"https:\/\/asesoriafiscalmarbella.es\">asesoriafiscalmarbella.es<\/a><\/p>\n\n\n\n<p><strong>\u00bfQu\u00e9 son las cookies?<\/strong><\/p>\n\n\n\n<p>Las cookies son archivos que se pueden descargar en su equipo a trav\u00e9s de las p\u00e1ginas web. Son herramientas que tienen un papel esencial para la prestaci\u00f3n de numerosos servicios de la sociedad de la informaci\u00f3n. Entre otros, permiten a una p\u00e1gina web almacenar y recuperar informaci\u00f3n sobre los h\u00e1bitos de navegaci\u00f3n de un usuario o de su equipo y, dependiendo de la informaci\u00f3n obtenida, se pueden utilizar para reconocer al usuario y mejorar el servicio ofrecido.<\/p>\n\n\n\n<p><strong>Tipos de cookies<\/strong><\/p>\n\n\n\n<p>Seg\u00fan quien sea la entidad que gestione el dominio desde donde se env\u00edan las cookies y trate los datos que se obtengan se pueden distinguir dos tipos:<\/p>\n\n\n\n<ul class=\"wp-block-list\">\n<li><strong>Cookies propias:<\/strong>\u00a0aqu\u00e9llas que se env\u00edan al equipo terminal del usuario desde un equipo o dominio gestionado por el propio editor y desde el que se presta el servicio solicitado por el usuario.<\/li>\n\n\n\n<li><strong>Cookies de terceros:<\/strong>\u00a0aqu\u00e9llas que se env\u00edan al equipo terminal del usuario desde un equipo o dominio que no es gestionado por el editor, sino por otra entidad que trata los datos obtenidos trav\u00e9s de las cookies.<\/li>\n<\/ul>\n\n\n\n<p>En el caso de que las cookies sean instaladas desde un equipo o dominio gestionado por el propio editor, pero la informaci\u00f3n que se Recoja mediante \u00e9stas sea gestionada por un tercero, no pueden ser consideradas como cookies propias.<\/p>\n\n\n\n<p>Existe tambi\u00e9n una segunda clasificaci\u00f3n seg\u00fan el plazo de tiempo que permanecen almacenadas en el navegador del cliente, pudiendo tratarse de:<\/p>\n\n\n\n<ul class=\"wp-block-list\">\n<li><strong>Cookies de sesi\u00f3n:<\/strong>\u00a0dise\u00f1adas para recabar y almacenar datos mientras el usuario accede a una p\u00e1gina web. Se suelen emplear para almacenar informaci\u00f3n que solo interesa conservar para la prestaci\u00f3n del servicio solicitado por el usuario en una sola ocasi\u00f3n (p.e. una lista de productos adquiridos).<\/li>\n\n\n\n<li><strong>Cookies persistentes:<\/strong>\u00a0los datos siguen almacenados en el terminal y pueden ser accedidos y tratados durante un periodo definido por el responsable de la cookie, y que puede ir de unos minutos a varios a\u00f1os.<\/li>\n<\/ul>\n\n\n\n<p>Por \u00faltimo, existe otra clasificaci\u00f3n con cinco tipos de cookies seg\u00fan la finalidad para la que se traten los datos obtenidos:<\/p>\n\n\n\n<ul class=\"wp-block-list\">\n<li><strong>Cookies t\u00e9cnicas:<\/strong>\u00a0aquellas que permiten al usuario la navegaci\u00f3n a trav\u00e9s de una p\u00e1gina web, plataforma o aplicaci\u00f3n y la utilizaci\u00f3n de las diferentes opciones o servicios que en ella existan como, por ejemplo, controlar el tr\u00e1fico y la comunicaci\u00f3n de datos, identificar la sesi\u00f3n, acceder a partes de acceso restringido, recordar los elementos que integran un pedido, realizar el proceso de compra de un pedido, realizar la solicitud de inscripci\u00f3n o participaci\u00f3n en un evento, utilizar elementos de seguridad durante la navegaci\u00f3n, almacenar contenidos para la difusi\u00f3n de v\u00eddeos o sonido o compartir contenidos a trav\u00e9s de redes sociales.<\/li>\n\n\n\n<li><strong>Cookies de personalizaci\u00f3n:<\/strong>\u00a0permiten al usuario acceder al servicio con algunas caracter\u00edsticas de car\u00e1cter general predefinidas en funci\u00f3n de una serie de criterios en el terminal del usuario como por ejemplo serian el idioma, el tipo de navegador a trav\u00e9s del cual accede al servicio, la configuraci\u00f3n regional desde donde accede al servicio, etc.<\/li>\n\n\n\n<li><strong>Cookies de an\u00e1lisis:<\/strong>\u00a0permiten al responsable de las mismas, el seguimiento y an\u00e1lisis del comportamiento de los usuarios de los sitios web a los que est\u00e1n vinculadas. La informaci\u00f3n recogida mediante este tipo de cookies se utiliza en la medici\u00f3n de la actividad de los sitios web, aplicaci\u00f3n o plataforma y para la elaboraci\u00f3n de perfiles de navegaci\u00f3n de los usuarios de dichos sitios, aplicaciones y plataformas, con el fin de introducir mejoras en funci\u00f3n del an\u00e1lisis de los datos de uso que hacen los usuarios del servicio.<\/li>\n\n\n\n<li><strong>Cookies publicitarias:<\/strong>\u00a0permiten la gesti\u00f3n, de la forma m\u00e1s eficaz posible, de los espacios publicitarios.<\/li>\n\n\n\n<li><strong>Cookies de publicidad comportamental:<\/strong>\u00a0almacenan informaci\u00f3n del comportamiento de los usuarios obtenida a trav\u00e9s de la observaci\u00f3n continuada de sus h\u00e1bitos de navegaci\u00f3n, lo que permite desarrollar un perfil espec\u00edfico para mostrar publicidad en funci\u00f3n del mismo.<\/li>\n\n\n\n<li><strong>Cookies de redes sociales externas:<\/strong>\u00a0se utilizan para que los visitantes puedan interactuar con el contenido de diferentes plataformas sociales (facebook, youtube, twitter, linkedIn, etc..) y que se generen \u00fanicamente para los usuarios de dichas redes sociales. Las condiciones de utilizaci\u00f3n de estas cookies y la informaci\u00f3n recopilada se regula por la pol\u00edtica de privacidad de la plataforma social correspondiente.<\/li>\n<\/ul>\n\n\n\n<p><strong>Desactivaci\u00f3n y eliminaci\u00f3n de cookies<\/strong><\/p>\n\n\n\n<p>Tienes la opci\u00f3n de permitir, bloquear o eliminar las cookies instaladas en tu equipo mediante la configuraci\u00f3n de las opciones del navegador instalado en su equipo. Al desactivar cookies, algunos de los servicios disponibles podr\u00edan dejar de estar operativos. La forma de deshabilitar las cookies es diferente para cada navegador, pero normalmente puede hacerse desde el men\u00fa Herramientas u Opciones. Tambi\u00e9n puede consultarse el men\u00fa de Ayuda del navegador d\u00f3nde puedes encontrar instrucciones. El usuario podr\u00e1 en cualquier momento elegir qu\u00e9 cookies quiere que funcionen en este sitio web.<\/p>\n\n\n\n<p>Puede usted permitir, bloquear o eliminar las cookies instaladas en su equipo mediante la configuraci\u00f3n de las opciones del navegador instalado en su ordenador:<\/p>\n\n\n\n<ul class=\"wp-block-list\">\n<li>Microsoft Internet Explorer o Microsoft Edge:\u00a0<a href=\"http:\/\/windows.microsoft.com\/es-es\/windows-vista\/Block-or-allow-cookies\">http:\/\/windows.microsoft.com\/es-es\/windows-vista\/Block-or-allow-cookies<\/a><\/li>\n\n\n\n<li>Mozilla Firefox:\u00a0<a href=\"http:\/\/support.mozilla.org\/es\/kb\/impedir-que-los-sitios-web-guarden-sus-preferencia\">http:\/\/support.mozilla.org\/es\/kb\/impedir-que-los-sitios-web-guarden-sus-preferencia<\/a><\/li>\n\n\n\n<li>Chrome:\u00a0<a href=\"https:\/\/support.google.com\/accounts\/answer\/61416?hl=es\">https:\/\/support.google.com\/accounts\/answer\/61416?hl=es<\/a><\/li>\n\n\n\n<li>Safari:\u00a0<a href=\"http:\/\/safari.helpmax.net\/es\/privacidad-y-seguridad\/como-gestionar-las-cookies\/\">http:\/\/safari.helpmax.net\/es\/privacidad-y-seguridad\/como-gestionar-las-cookies\/<\/a><\/li>\n\n\n\n<li>Opera:\u00a0<a href=\"http:\/\/help.opera.com\/Linux\/10.60\/es-ES\/cookies.html\">http:\/\/help.opera.com\/Linux\/10.60\/es-ES\/cookies.html<\/a><\/li>\n<\/ul>\n\n\n\n<p>Adem\u00e1s, tambi\u00e9n puede gestionar el almac\u00e9n de cookies en su navegador a trav\u00e9s de herramientas como las siguientes<\/p>\n\n\n\n<ul class=\"wp-block-list\">\n<li>Ghostery:\u00a0<a href=\"http:\/\/www.ghostery.com\/\">www.ghostery.com\/<\/a><\/li>\n\n\n\n<li>Your online choices:\u00a0<a href=\"http:\/\/www.youronlinechoices.com\/es\/\">www.youronlinechoices.com\/es\/<\/a><\/li>\n<\/ul>\n\n\n\n<p><strong>\u00bfQu\u00e9 cookies utilizamos en nuestra web?<\/strong><\/p>\n\n\n\n<p>A continuaci\u00f3n, se identifican las cookies que est\u00e1n siendo utilizadas en \u00a0<a href=\"https:\/\/asesoriafiscalmarbella.es\">asesoriafiscalmarbella.es<\/a><\/p>\n\n\n\n<figure class=\"wp-block-table\"><table class=\"has-fixed-layout\"><tbody><tr><td><strong>CONSENT<\/strong><\/td><td><strong>T\u00e9cnica \/ Necesaria<\/strong><\/td><td><strong>terceros<\/strong><\/td><td><strong>.google.com<\/strong><\/td><td><strong>Utilizada para detectar si el visitante ha aceptado la categor\u00eda de marketing en el banner de cookies. Esta cookie es necesaria para que la web cumpla con el RGPD.<\/strong><\/td><td><strong>16 a\u00f1os<\/strong><\/td><\/tr><tr><td><strong>cookielawinfo-checkbox-necessary<\/strong><\/td><td><strong>T\u00e9cnica \/ Necesaria<\/strong><\/td><td><strong>propia<\/strong><\/td><td><strong>asesoriafiscalmarbella.es<\/strong><\/td><td><strong>Almacena el estado de consentimiento de cookies necesarias del usuario.<\/strong><\/td><td><strong>1 a\u00f1o<\/strong><\/td><\/tr><tr><td><strong>cookielawinfo-checkbox-non-necessary<\/strong><\/td><td><strong>T\u00e9cnica \/ Necesaria<\/strong><\/td><td><strong>propia<\/strong><\/td><td><strong>asesoriafiscalmarbella.es<\/strong><\/td><td><strong>Almacena el estado de consentimiento de cookies necesarias del usuario.<\/strong><\/td><td><strong>1 a\u00f1o<\/strong><\/td><\/tr><tr><td><strong>pll_language<\/strong><\/td><td><strong>T\u00e9cnica \/ Necesaria<\/strong><\/td><td><strong>propia<\/strong><\/td><td><strong>asesoriafiscalmarbella.es<\/strong><\/td><td><strong>Es una cookie persistente y de personalizaci\u00f3n. Pertenece al plugin de WordPress Polylang y permite guardar el idioma en que se mostrar\u00e1 el site al usuario.<\/strong><\/td><td><strong>1 a\u00f1o<\/strong><\/td><\/tr><tr><td><strong>viewed_cookie_policy<\/strong><\/td><td><strong>T\u00e9cnica \/ Necesaria<\/strong><\/td><td><strong>propia<\/strong><\/td><td><strong>asesoriafiscalmarbella.es<\/strong><\/td><td><strong>Se utiliza para recordar que el usuario ha aceptado la pol\u00edtica de cookies<\/strong><\/td><td><strong>1 a\u00f1o<\/strong><\/td><\/tr><tr><td><strong>CookieLawInfoConsent<\/strong><\/td><td><strong>T\u00e9cnica \/ Necesaria<\/strong><\/td><td><strong>propia<\/strong><\/td><td><strong>asesoriafiscalmarbella.es<\/strong><\/td><td><strong>Almacena el estado de consentimiento de cookies del usuario.<\/strong><\/td><td><strong>1 a\u00f1o<\/strong><\/td><\/tr><tr><td>&nbsp;<\/td><td>&nbsp;<\/td><td>&nbsp;<\/td><td>&nbsp;<\/td><td>&nbsp;<\/td><td>&nbsp;<\/td><\/tr><tr><td><strong>_ga<\/strong><\/td><td><strong>An\u00e1l\u00edtica<\/strong><\/td><td><strong>terceros<\/strong><\/td><td><strong>Google<\/strong><\/td><td><strong>Se usa para diferenciar entre usuarios y sesiones. La cookie se crea al cargar la librer\u00eda javascript y no existe una versi\u00f3n previa de la cookie _ga. La cookie se actualiza cada vez que envia los datos a Google Analytics<\/strong><\/td><td><strong>2 a\u00f1os<\/strong><\/td><\/tr><tr><td><strong>_gat<\/strong><\/td><td><strong>An\u00e1l\u00edtica<\/strong><\/td><td><strong>terceros<\/strong><\/td><td><strong>Google<\/strong><\/td><td><strong>Se usa para diferenciar entre los diferentes objetos de seguimiento creados en la sesi\u00f3n. La cookie se crea al cargar la librer\u00eda javascript y no existe una versi\u00f3n previa de la cookie _gat. La cookie se actualiza cada vez que envia los datos a Google Analytics.<\/strong><\/td><td><strong>1 d\u00eda<\/strong><\/td><\/tr><tr><td><strong>_gid<\/strong><\/td><td><strong>An\u00e1l\u00edtica<\/strong><\/td><td><strong>terceros<\/strong><\/td><td><strong>Google<\/strong><\/td><td><strong>Se trata de una cookie anal\u00edtica, relacionada con Google Analytics que se usa para distinguir a los usuarios.<\/strong><\/td><td><strong>1 d\u00eda<\/strong><\/td><\/tr><tr><td><strong>_gat_G-9WBWJCE026<\/strong><\/td><td><strong>An\u00e1l\u00edtica<\/strong><\/td><td><strong>terceros<\/strong><\/td><td><strong>asesoriafiscalmarbella.es<\/strong><\/td><td><strong>Cookie utilizada por Google Analytics para recopilar datos de tr\u00e1fico an\u00f3nimos. Contienen un \u00fanico ID del visitante, tiempo e informaci\u00f3n sobre la visita, incluyendo referencias.<\/strong><\/td><td><strong>1 hora<\/strong><\/td><\/tr><tr><td><strong>_gcl_au<\/strong><\/td><td><strong>Publicitaria<\/strong><\/td><td><strong>terceros<\/strong><\/td><td><strong>Google Tag Manager<\/strong><\/td><td><strong>Utilizada por Google AdSense para experimentar con la eficiencia publicitaria a trav\u00e9s de las webs usando sus servicios.&nbsp;<\/strong><\/td><td><strong>1 a\u00f1o<\/strong><\/td><\/tr><tr><td>&nbsp;<\/td><td>&nbsp;<\/td><td>&nbsp;<\/td><td>&nbsp;<\/td><td>&nbsp;<\/td><td>&nbsp;<\/td><\/tr><tr><td><strong>test_cookie<\/strong><\/td><td><strong>Marketing<\/strong><\/td><td><strong>terceros<\/strong><\/td><td><strong>Google<\/strong><\/td><td><strong>Se utiliza para comprobar si el navegador del usuario soporta cookies<\/strong><\/td><td><strong>15min<\/strong><\/td><\/tr><\/tbody><\/table><\/figure>\n\n\n\n<p><strong>Aceptaci\u00f3n de la Pol\u00edtica de cookies<\/strong><\/p>\n\n\n\n<p>asesoriafiscalmarbella.es  facilita informaci\u00f3n detallada sobre las cookies utilizadas en esta p\u00e1gina web y le da la opci\u00f3n de aceptarlas o rechazarlas.\u00a0Podr\u00e1 acceder a la informaci\u00f3n completa sobre nuestra Pol\u00edtica de cookies en la parte inferior de nuestra web<\/p>\n\n\n\n<p>Ante esta informaci\u00f3n es posible llevar a cabo las siguientes acciones:<\/p>\n\n\n\n<ul class=\"wp-block-list\">\n<li><strong>Aceptar cookies<\/strong><strong>:<\/strong>\u00a0usted acepta el uso de todas las cookies y no se volver\u00e1 a visualizar la Informaci\u00f3n b\u00e1sica sobre el uso de cookies al acceder a cualquier p\u00e1gina del portal durante la presente sesi\u00f3n.<\/li>\n<\/ul>\n\n\n\n<ul class=\"wp-block-list\">\n<li><strong>Rechazarlas todas<\/strong><strong>:<\/strong>\u00a0usted rechazar el uso de todas las cookies y no se volver\u00e1 a visualizar la Informaci\u00f3n b\u00e1sica sobre el uso de cookies al acceder a cualquier p\u00e1gina del portal durante la presente sesi\u00f3n.<\/li>\n\n\n\n<li><strong>Configuraci\u00f3n de cookies:<\/strong>\u00a0podr\u00e1 acceder al panel de configuraci\u00f3n donde obtendr\u00e1 la informaci\u00f3n detallada sobre las cookies que se utilizan en esta web, conocer nuestra Pol\u00edtica de cookies y aceptar o rechazar cada una de las cookies\u00a0<\/li>\n<\/ul>\n\n\n\n<p>Puede consultar el resto de informaci\u00f3n en materia de protecci\u00f3n de datos en la\u00a0<a href=\"https:\/\/asesoriafiscalmarbella.es\/politica-privacidad\/\">Pol\u00edtica de privacidad<\/a><\/p>\n","protected":false},"excerpt":{"rendered":"<p>asesoriafiscalmarbella.es\u00a0informa acerca del uso de las cookies en su p\u00e1gina web\u00a0asesoriafiscalmarbella.es \u00bfQu\u00e9 son las cookies? Las cookies son archivos que se pueden descargar en su equipo a trav\u00e9s de las p\u00e1ginas web. Son herramientas que tienen un papel esencial para la prestaci\u00f3n de numerosos servicios de la sociedad de la informaci\u00f3n. Entre otros, permiten a &#8230; <a title=\"Pol\u00edtica de Cookies\" class=\"read-more\" href=\"https:\/\/asesoriafiscalmarbella.es\/index.php\/politica-de-cookies\/\" aria-label=\"Leer m\u00e1s sobre Pol\u00edtica de Cookies\">Leer m\u00e1s<\/a><\/p>\n","protected":false},"author":1,"featured_media":0,"parent":0,"menu_order":0,"comment_status":"closed","ping_status":"closed","template":"","meta":{"footnotes":""},"class_list":["post-41","page","type-page","status-publish"],"_links":{"self":[{"href":"https:\/\/asesoriafiscalmarbella.es\/index.php\/wp-json\/wp\/v2\/pages\/41","targetHints":{"allow":["GET"]}}],"collection":[{"href":"https:\/\/asesoriafiscalmarbella.es\/index.php\/wp-json\/wp\/v2\/pages"}],"about":[{"href":"https:\/\/asesoriafiscalmarbella.es\/index.php\/wp-json\/wp\/v2\/types\/page"}],"author":[{"embeddable":true,"href":"https:\/\/asesoriafiscalmarbella.es\/index.php\/wp-json\/wp\/v2\/users\/1"}],"replies":[{"embeddable":true,"href":"https:\/\/asesoriafiscalmarbella.es\/index.php\/wp-json\/wp\/v2\/comments?post=41"}],"version-history":[{"count":2,"href":"https:\/\/asesoriafiscalmarbella.es\/index.php\/wp-json\/wp\/v2\/pages\/41\/revisions"}],"predecessor-version":[{"id":43,"href":"https:\/\/asesoriafiscalmarbella.es\/index.php\/wp-json\/wp\/v2\/pages\/41\/revisions\/43"}],"wp:attachment":[{"href":"https:\/\/asesoriafiscalmarbella.es\/index.php\/wp-json\/wp\/v2\/media?parent=41"}],"curies":[{"name":"wp","href":"https:\/\/api.w.org\/{rel}","templated":true}]}}